{"id":20,"date":"2025-05-16T13:44:55","date_gmt":"2025-05-16T11:44:55","guid":{"rendered":"https:\/\/apancm.ovh\/?page_id=20"},"modified":"2025-05-31T03:40:10","modified_gmt":"2025-05-31T01:40:10","slug":"activites","status":"publish","type":"page","link":"https:\/\/apancm.org\/index.php\/activites\/","title":{"rendered":"Activit\u00e9s"},"content":{"rendered":"\t\t<div data-elementor-type=\"wp-page\" data-elementor-id=\"20\" class=\"elementor elementor-20\">\n\t\t\t\t<div class=\"elementor-element elementor-element-35e520c e-flex e-con-boxed e-con e-parent\" data-id=\"35e520c\" data-element_type=\"container\">\n\t\t\t\t\t<div class=\"e-con-inner\">\n\t\t\t\t<div class=\"elementor-element elementor-element-b7e31c8 elementor-widget elementor-widget-heading\" data-id=\"b7e31c8\" data-element_type=\"widget\" data-widget_type=\"heading.default\">\n\t\t\t\t<div class=\"elementor-widget-container\">\n\t\t\t\t\t<h6 class=\"elementor-heading-title elementor-size-default\">Les activit\u00e9s de l\u2019APAN visent quatre (04) domaines diff\u00e9rents : le Si\u00e8ge, le Jardin, le CEJES (Centre d'Encadrement des Jeunes en Situations difficiles) et le CFMB (Centre de Formation aux M\u00e9tiers de la Beaut\u00e9).<\/h6>\t\t\t\t<\/div>\n\t\t\t\t<\/div>\n\t\t\t\t\t<\/div>\n\t\t\t\t<\/div>\n\t\t<div class=\"elementor-element elementor-element-c2f17d1 e-flex e-con-boxed e-con e-parent\" data-id=\"c2f17d1\" data-element_type=\"container\">\n\t\t\t\t\t<div class=\"e-con-inner\">\n\t\t<div class=\"elementor-element elementor-element-9e231a4 e-con-full e-flex e-con e-child\" data-id=\"9e231a4\" data-element_type=\"container\">\n\t\t\t\t<div class=\"elementor-element elementor-element-f6c8951 elementor-drop-cap-yes elementor-drop-cap-view-default elementor-widget elementor-widget-text-editor\" data-id=\"f6c8951\" data-element_type=\"widget\" data-settings=\"{&quot;drop_cap&quot;:&quot;yes&quot;}\" data-widget_type=\"text-editor.default\">\n\t\t\t\t<div class=\"elementor-widget-container\">\n\t\t\t\t\t\t\t\t\t<strong><span style=\"color: #E46C06;\">Au si\u00e8ge<\/span> <\/strong>, les activit\u00e9s qui y sont men\u00e9es visent surtout la coordination des activit\u00e9s men\u00e9es dans tous les autres domaines \u00e0 travers la tenue de r\u00e9unions. En dehors de cela, des formations diverses y sont organis\u00e9es (sur le rev\u00eatement des bijoux, en teinture v\u00e9g\u00e9tale, des tout-petits aux dessins artistiques \u00e0 partir des couleurs naturelles, \u2026) et des produits naturels et artisanaux y sont commercialis\u00e9s (jus de fol\u00e9r\u00e9 et de baobab, bijoux customis\u00e9s avec des tissus en pagnes, \u2026)\t\t\t\t\t\t\t\t<\/div>\n\t\t\t\t<\/div>\n\t\t\t\t<\/div>\n\t\t<div class=\"elementor-element elementor-element-36cd10d e-con-full e-flex e-con e-child\" data-id=\"36cd10d\" data-element_type=\"container\">\n\t\t\t\t<div class=\"elementor-element elementor-element-ee4223e elementor-widget elementor-widget-image\" data-id=\"ee4223e\" data-element_type=\"widget\" data-widget_type=\"image.default\">\n\t\t\t\t<div class=\"elementor-widget-container\">\n\t\t\t\t\t\t\t\t\t\t\t\t\t\t\t<img fetchpriority=\"high\" decoding=\"async\" width=\"1024\" height=\"1024\" src=\"https:\/\/apancm.org\/wp-content\/uploads\/2025\/05\/3.jpg\" class=\"attachment-large size-large wp-image-276\" alt=\"\" srcset=\"https:\/\/apancm.org\/wp-content\/uploads\/2025\/05\/3.jpg 1024w, https:\/\/apancm.org\/wp-content\/uploads\/2025\/05\/3-300x300.jpg 300w, https:\/\/apancm.org\/wp-content\/uploads\/2025\/05\/3-150x150.jpg 150w, https:\/\/apancm.org\/wp-content\/uploads\/2025\/05\/3-768x768.jpg 768w, https:\/\/apancm.org\/wp-content\/uploads\/2025\/05\/3-600x600.jpg 600w\" sizes=\"(max-width: 1024px) 100vw, 1024px\" \/>\t\t\t\t\t\t\t\t\t\t\t\t\t\t\t<\/div>\n\t\t\t\t<\/div>\n\t\t\t\t<\/div>\n\t\t\t\t\t<\/div>\n\t\t\t\t<\/div>\n\t\t<div class=\"elementor-element elementor-element-14a0aa0 e-grid e-con-boxed e-con e-parent\" data-id=\"14a0aa0\" data-element_type=\"container\">\n\t\t\t\t\t<div class=\"e-con-inner\">\n\t\t\t\t<div class=\"elementor-element elementor-element-7efaad2 elementor-widget elementor-widget-image\" data-id=\"7efaad2\" data-element_type=\"widget\" data-widget_type=\"image.default\">\n\t\t\t\t<div class=\"elementor-widget-container\">\n\t\t\t\t\t\t\t\t\t\t\t\t<figure class=\"wp-caption\">\n\t\t\t\t\t\t\t\t\t\t<img decoding=\"async\" width=\"767\" height=\"1024\" src=\"https:\/\/apancm.org\/wp-content\/uploads\/2025\/05\/2-767x1024.jpg\" class=\"attachment-large size-large wp-image-268\" alt=\"\" srcset=\"https:\/\/apancm.org\/wp-content\/uploads\/2025\/05\/2-767x1024.jpg 767w, https:\/\/apancm.org\/wp-content\/uploads\/2025\/05\/2-225x300.jpg 225w, https:\/\/apancm.org\/wp-content\/uploads\/2025\/05\/2-768x1025.jpg 768w, https:\/\/apancm.org\/wp-content\/uploads\/2025\/05\/2-600x800.jpg 600w, https:\/\/apancm.org\/wp-content\/uploads\/2025\/05\/2.jpg 809w\" sizes=\"(max-width: 767px) 100vw, 767px\" \/>\t\t\t\t\t\t\t\t\t\t\t<figcaption class=\"widget-image-caption wp-caption-text\">Mme la Pr\u00e9sidente et la m\u00e8re de 2 \u00e9l\u00e8ves<\/figcaption>\n\t\t\t\t\t\t\t\t\t\t<\/figure>\n\t\t\t\t\t\t\t\t\t<\/div>\n\t\t\t\t<\/div>\n\t\t\t\t<div class=\"elementor-element elementor-element-a6e4f59 elementor-widget elementor-widget-image\" data-id=\"a6e4f59\" data-element_type=\"widget\" data-widget_type=\"image.default\">\n\t\t\t\t<div class=\"elementor-widget-container\">\n\t\t\t\t\t\t\t\t\t\t\t\t<figure class=\"wp-caption\">\n\t\t\t\t\t\t\t\t\t\t<img decoding=\"async\" width=\"767\" height=\"1024\" src=\"https:\/\/apancm.org\/wp-content\/uploads\/2025\/05\/1-767x1024.jpg\" class=\"attachment-large size-large wp-image-267\" alt=\"\" srcset=\"https:\/\/apancm.org\/wp-content\/uploads\/2025\/05\/1-767x1024.jpg 767w, https:\/\/apancm.org\/wp-content\/uploads\/2025\/05\/1-225x300.jpg 225w, https:\/\/apancm.org\/wp-content\/uploads\/2025\/05\/1-768x1025.jpg 768w, https:\/\/apancm.org\/wp-content\/uploads\/2025\/05\/1-600x800.jpg 600w, https:\/\/apancm.org\/wp-content\/uploads\/2025\/05\/1.jpg 809w\" sizes=\"(max-width: 767px) 100vw, 767px\" \/>\t\t\t\t\t\t\t\t\t\t\t<figcaption class=\"widget-image-caption wp-caption-text\">La m\u00e8re et ses filles<\/figcaption>\n\t\t\t\t\t\t\t\t\t\t<\/figure>\n\t\t\t\t\t\t\t\t\t<\/div>\n\t\t\t\t<\/div>\n\t\t\t\t<div class=\"elementor-element elementor-element-cfba127 elementor-widget elementor-widget-image\" data-id=\"cfba127\" data-element_type=\"widget\" data-widget_type=\"image.default\">\n\t\t\t\t<div class=\"elementor-widget-container\">\n\t\t\t\t\t\t\t\t\t\t\t\t<figure class=\"wp-caption\">\n\t\t\t\t\t\t\t\t\t\t<img loading=\"lazy\" decoding=\"async\" width=\"767\" height=\"1024\" src=\"https:\/\/apancm.org\/wp-content\/uploads\/2025\/05\/IMG-20250522-WA0739-767x1024.jpg\" class=\"attachment-large size-large wp-image-253\" alt=\"\" srcset=\"https:\/\/apancm.org\/wp-content\/uploads\/2025\/05\/IMG-20250522-WA0739-767x1024.jpg 767w, https:\/\/apancm.org\/wp-content\/uploads\/2025\/05\/IMG-20250522-WA0739-225x300.jpg 225w, https:\/\/apancm.org\/wp-content\/uploads\/2025\/05\/IMG-20250522-WA0739-768x1025.jpg 768w, https:\/\/apancm.org\/wp-content\/uploads\/2025\/05\/IMG-20250522-WA0739-600x800.jpg 600w, https:\/\/apancm.org\/wp-content\/uploads\/2025\/05\/IMG-20250522-WA0739.jpg 809w\" sizes=\"(max-width: 767px) 100vw, 767px\" \/>\t\t\t\t\t\t\t\t\t\t\t<figcaption class=\"widget-image-caption wp-caption-text\">Mme la Responsable Artistique et ses \u00e9l\u00e8ves<\/figcaption>\n\t\t\t\t\t\t\t\t\t\t<\/figure>\n\t\t\t\t\t\t\t\t\t<\/div>\n\t\t\t\t<\/div>\n\t\t\t\t\t<\/div>\n\t\t\t\t<\/div>\n\t\t<div class=\"elementor-element elementor-element-780167e e-grid e-con-boxed e-con e-parent\" data-id=\"780167e\" data-element_type=\"container\">\n\t\t\t\t\t<div class=\"e-con-inner\">\n\t\t\t\t<div class=\"elementor-element elementor-element-3ebf882 elementor-widget elementor-widget-text-editor\" data-id=\"3ebf882\" data-element_type=\"widget\" data-widget_type=\"text-editor.default\">\n\t\t\t\t<div class=\"elementor-widget-container\">\n\t\t\t\t\t\t\t\t\t<strong><span style=\"color: #E46C06;\">Au jardin<\/span> <\/strong> (qui est situ\u00e9 au rond-point Petit Pays au quartier Mak\u00e8p\u00e8-Cit\u00e9) les activit\u00e9s men\u00e9es concernent la production des plantes de toutes sortes et aussi rares (ornementales, m\u00e9dicinales, \u2026), la commercialisation de ces plantes, la mise en place et l\u2019entretien des jardins de particuliers et d\u2019entreprises, la formation et l\u2019accompagnement des femmes et des jeunes sans emploi \u00e0 avoir un m\u00e9tier dans le secteur de l\u2019horticulture.\t\t\t\t\t\t\t\t<\/div>\n\t\t\t\t<\/div>\n\t\t\t\t<div class=\"elementor-element elementor-element-00e1e0a elementor-widget elementor-widget-image\" data-id=\"00e1e0a\" data-element_type=\"widget\" data-widget_type=\"image.default\">\n\t\t\t\t<div class=\"elementor-widget-container\">\n\t\t\t\t\t\t\t\t\t\t\t\t\t\t\t<img loading=\"lazy\" decoding=\"async\" width=\"1024\" height=\"768\" src=\"https:\/\/apancm.org\/wp-content\/uploads\/2025\/05\/4-1-1024x768.jpg\" class=\"attachment-large size-large wp-image-288\" alt=\"\" srcset=\"https:\/\/apancm.org\/wp-content\/uploads\/2025\/05\/4-1-1024x768.jpg 1024w, https:\/\/apancm.org\/wp-content\/uploads\/2025\/05\/4-1-300x225.jpg 300w, https:\/\/apancm.org\/wp-content\/uploads\/2025\/05\/4-1-768x576.jpg 768w, https:\/\/apancm.org\/wp-content\/uploads\/2025\/05\/4-1-1536x1152.jpg 1536w, https:\/\/apancm.org\/wp-content\/uploads\/2025\/05\/4-1-2048x1536.jpg 2048w\" sizes=\"(max-width: 1024px) 100vw, 1024px\" \/>\t\t\t\t\t\t\t\t\t\t\t\t\t\t\t<\/div>\n\t\t\t\t<\/div>\n\t\t\t\t\t<\/div>\n\t\t\t\t<\/div>\n\t\t<div class=\"elementor-element elementor-element-81c58f2 e-grid e-con-boxed e-con e-parent\" data-id=\"81c58f2\" data-element_type=\"container\">\n\t\t\t\t\t<div class=\"e-con-inner\">\n\t\t\t\t<div class=\"elementor-element elementor-element-3e0ab38 elementor-widget elementor-widget-text-editor\" data-id=\"3e0ab38\" data-element_type=\"widget\" data-widget_type=\"text-editor.default\">\n\t\t\t\t<div class=\"elementor-widget-container\">\n\t\t\t\t\t\t\t\t\t<strong><span style=\"color: #E46C06;\">Au CEJES<\/span><\/strong>, les activit\u00e9s sont plus concentr\u00e9es sur la production des pav\u00e9s \u00e9cologiques (pour le rev\u00eatement des routes et des parkings), des dalettes (pour am\u00e9nagement des espaces de circulation dans les jardins), des dalots (pour rigoles), des bordures (pour jardins et routes), de la pose des pav\u00e9s, bordures et dalots aussi bien dans les espaces publics (jardins publics et routes) que dans les domiciles des particuliers (parking, garage, cours, jardins) ainsi que l\u2019entretien et l\u2019am\u00e9nagement des espaces et jardins publics et priv\u00e9s (particuliers).\t\t\t\t\t\t\t\t<\/div>\n\t\t\t\t<\/div>\n\t\t\t\t<div class=\"elementor-element elementor-element-d6c5926 elementor-widget elementor-widget-image\" data-id=\"d6c5926\" data-element_type=\"widget\" data-widget_type=\"image.default\">\n\t\t\t\t<div class=\"elementor-widget-container\">\n\t\t\t\t\t\t\t\t\t\t\t\t\t\t\t<img loading=\"lazy\" decoding=\"async\" width=\"1024\" height=\"768\" src=\"https:\/\/apancm.org\/wp-content\/uploads\/2025\/05\/IMG-20201129-WA0007-1024x768.jpg\" class=\"attachment-large size-large wp-image-292\" alt=\"\" srcset=\"https:\/\/apancm.org\/wp-content\/uploads\/2025\/05\/IMG-20201129-WA0007-1024x768.jpg 1024w, https:\/\/apancm.org\/wp-content\/uploads\/2025\/05\/IMG-20201129-WA0007-300x225.jpg 300w, https:\/\/apancm.org\/wp-content\/uploads\/2025\/05\/IMG-20201129-WA0007-768x576.jpg 768w, https:\/\/apancm.org\/wp-content\/uploads\/2025\/05\/IMG-20201129-WA0007.jpg 1080w\" sizes=\"(max-width: 1024px) 100vw, 1024px\" \/>\t\t\t\t\t\t\t\t\t\t\t\t\t\t\t<\/div>\n\t\t\t\t<\/div>\n\t\t\t\t\t<\/div>\n\t\t\t\t<\/div>\n\t\t<div class=\"elementor-element elementor-element-aee4c0d e-grid e-con-boxed e-con e-parent\" data-id=\"aee4c0d\" data-element_type=\"container\">\n\t\t\t\t\t<div class=\"e-con-inner\">\n\t\t\t\t<div class=\"elementor-element elementor-element-98eb6a5 elementor-widget elementor-widget-image\" data-id=\"98eb6a5\" data-element_type=\"widget\" data-widget_type=\"image.default\">\n\t\t\t\t<div class=\"elementor-widget-container\">\n\t\t\t\t\t\t\t\t\t\t\t\t\t\t\t<img loading=\"lazy\" decoding=\"async\" width=\"1024\" height=\"768\" src=\"https:\/\/apancm.org\/wp-content\/uploads\/2025\/05\/IMG_20201106_144249_1-1024x768.jpg\" class=\"attachment-large size-large wp-image-291\" alt=\"\" srcset=\"https:\/\/apancm.org\/wp-content\/uploads\/2025\/05\/IMG_20201106_144249_1-1024x768.jpg 1024w, https:\/\/apancm.org\/wp-content\/uploads\/2025\/05\/IMG_20201106_144249_1-300x225.jpg 300w, https:\/\/apancm.org\/wp-content\/uploads\/2025\/05\/IMG_20201106_144249_1-768x576.jpg 768w, https:\/\/apancm.org\/wp-content\/uploads\/2025\/05\/IMG_20201106_144249_1-1536x1152.jpg 1536w, https:\/\/apancm.org\/wp-content\/uploads\/2025\/05\/IMG_20201106_144249_1-2048x1536.jpg 2048w\" sizes=\"(max-width: 1024px) 100vw, 1024px\" \/>\t\t\t\t\t\t\t\t\t\t\t\t\t\t\t<\/div>\n\t\t\t\t<\/div>\n\t\t\t\t<div class=\"elementor-element elementor-element-47e6039 elementor-widget elementor-widget-image\" data-id=\"47e6039\" data-element_type=\"widget\" data-widget_type=\"image.default\">\n\t\t\t\t<div class=\"elementor-widget-container\">\n\t\t\t\t\t\t\t\t\t\t\t\t\t\t\t<img loading=\"lazy\" decoding=\"async\" width=\"1024\" height=\"768\" src=\"https:\/\/apancm.org\/wp-content\/uploads\/2025\/05\/IMG_20201106_144218_1-1024x768.jpg\" class=\"attachment-large size-large wp-image-290\" alt=\"\" srcset=\"https:\/\/apancm.org\/wp-content\/uploads\/2025\/05\/IMG_20201106_144218_1-1024x768.jpg 1024w, https:\/\/apancm.org\/wp-content\/uploads\/2025\/05\/IMG_20201106_144218_1-300x225.jpg 300w, https:\/\/apancm.org\/wp-content\/uploads\/2025\/05\/IMG_20201106_144218_1-768x576.jpg 768w, https:\/\/apancm.org\/wp-content\/uploads\/2025\/05\/IMG_20201106_144218_1-1536x1152.jpg 1536w, https:\/\/apancm.org\/wp-content\/uploads\/2025\/05\/IMG_20201106_144218_1-2048x1536.jpg 2048w\" sizes=\"(max-width: 1024px) 100vw, 1024px\" \/>\t\t\t\t\t\t\t\t\t\t\t\t\t\t\t<\/div>\n\t\t\t\t<\/div>\n\t\t\t\t\t<\/div>\n\t\t\t\t<\/div>\n\t\t<div class=\"elementor-element elementor-element-74d7dfb e-flex e-con-boxed e-con e-parent\" data-id=\"74d7dfb\" data-element_type=\"container\">\n\t\t\t\t\t<div class=\"e-con-inner\">\n\t\t\t\t<div class=\"elementor-element elementor-element-0392779 elementor-widget elementor-widget-text-editor\" data-id=\"0392779\" data-element_type=\"widget\" data-widget_type=\"text-editor.default\">\n\t\t\t\t<div class=\"elementor-widget-container\">\n\t\t\t\t\t\t\t\t\t<strong><span style=\"color: #E46C06;\">Au CFMB<\/span><\/strong>, les activit\u00e9s men\u00e9es sont celles relatives \u00e0 la coiffure (homme et femme), aux soins des ongles des mains et des pieds, aux soins du corps et au make-up.\t\t\t\t\t\t\t\t<\/div>\n\t\t\t\t<\/div>\n\t\t\t\t\t<\/div>\n\t\t\t\t<\/div>\n\t\t\t\t<\/div>\n\t\t","protected":false},"excerpt":{"rendered":"<p>Les activit\u00e9s de l\u2019APAN visent quatre (04) domaines diff\u00e9rents : le Si\u00e8ge, le Jardin, le CEJES (Centre d&rsquo;Encadrement des Jeunes en Situations difficiles) et le CFMB (Centre de Formation aux M\u00e9tiers de la Beaut\u00e9). Au si\u00e8ge , les activit\u00e9s qui y sont men\u00e9es visent surtout la coordination des activit\u00e9s men\u00e9es dans tous les autres domaines [&hellip;]<\/p>\n","protected":false},"author":1,"featured_media":0,"parent":0,"menu_order":0,"comment_status":"closed","ping_status":"closed","template":"","meta":{"footnotes":""},"class_list":["post-20","page","type-page","status-publish","hentry"],"_links":{"self":[{"href":"https:\/\/apancm.org\/index.php\/wp-json\/wp\/v2\/pages\/20","targetHints":{"allow":["GET"]}}],"collection":[{"href":"https:\/\/apancm.org\/index.php\/wp-json\/wp\/v2\/pages"}],"about":[{"href":"https:\/\/apancm.org\/index.php\/wp-json\/wp\/v2\/types\/page"}],"author":[{"embeddable":true,"href":"https:\/\/apancm.org\/index.php\/wp-json\/wp\/v2\/users\/1"}],"replies":[{"embeddable":true,"href":"https:\/\/apancm.org\/index.php\/wp-json\/wp\/v2\/comments?post=20"}],"version-history":[{"count":5,"href":"https:\/\/apancm.org\/index.php\/wp-json\/wp\/v2\/pages\/20\/revisions"}],"predecessor-version":[{"id":295,"href":"https:\/\/apancm.org\/index.php\/wp-json\/wp\/v2\/pages\/20\/revisions\/295"}],"wp:attachment":[{"href":"https:\/\/apancm.org\/index.php\/wp-json\/wp\/v2\/media?parent=20"}],"curies":[{"name":"wp","href":"https:\/\/api.w.org\/{rel}","templated":true}]}}