{"id":14,"date":"2025-05-16T13:43:48","date_gmt":"2025-05-16T11:43:48","guid":{"rendered":"https:\/\/apancm.ovh\/?page_id=14"},"modified":"2025-12-01T12:14:38","modified_gmt":"2025-12-01T11:14:38","slug":"accueil","status":"publish","type":"page","link":"https:\/\/apancm.org\/","title":{"rendered":"Accueil"},"content":{"rendered":"\t\t<div data-elementor-type=\"wp-page\" data-elementor-id=\"14\" class=\"elementor elementor-14\">\n\t\t\t\t<div class=\"elementor-element elementor-element-068fb6e e-flex e-con-boxed e-con e-parent\" data-id=\"068fb6e\" data-element_type=\"container\">\n\t\t\t\t\t<div class=\"e-con-inner\">\n\t\t\t\t<div class=\"elementor-element elementor-element-bc1a036 elementor-widget elementor-widget-html\" data-id=\"bc1a036\" data-element_type=\"widget\" data-widget_type=\"html.default\">\n\t\t\t\t<div class=\"elementor-widget-container\">\n\t\t\t\t\t<!DOCTYPE html>\r\n<html lang=\"fr\">\r\n<head>\r\n    <meta charset=\"UTF-8\">\r\n    <meta name=\"viewport\" content=\"width=device-width, initial-scale=1.0\">\r\n    <title>Carrousel Hero<\/title>\r\n    <style>\r\n        * {\r\n            margin: 0;\r\n            padding: 0;\r\n            box-sizing: border-box;\r\n        }\r\n\r\n        body {\r\n            font-family: 'Segoe UI', Tahoma, Geneva, Verdana, sans-serif;\r\n            background: transparent;\r\n        }\r\n\r\n        .hero-carousel {\r\n            position: relative;\r\n            width: 100%;\r\n            height: 100vh;\r\n            overflow: hidden;\r\n        }\r\n\r\n        .carousel-container {\r\n            position: relative;\r\n            width: 100%;\r\n            height: 100%;\r\n        }\r\n\r\n        .carousel-slides {\r\n            display: flex;\r\n            width: 300%;\r\n            height: 100%;\r\n            transition: transform 1s cubic-bezier(0.25, 0.46, 0.45, 0.94);\r\n        }\r\n\r\n        .slide {\r\n            flex: 1;\r\n            position: relative;\r\n            background-size: cover;\r\n            background-position: center;\r\n            background-repeat: no-repeat;\r\n            display: flex;\r\n            align-items: center;\r\n            justify-content: center;\r\n        }\r\n\r\n        .slide1 {\r\n            background-image: linear-gradient(rgba(0,0,0,0.4), rgba(0,0,0,0.4)), \r\n                              url('http:\/\/apancm.ovh\/wp-content\/uploads\/2025\/05\/P1020215.jpg');\r\n        }\r\n\r\n        .slide2 {\r\n            background-image: linear-gradient(rgba(0,0,0,0.4), rgba(0,0,0,0.4)), \r\n                              url('http:\/\/apancm.ovh\/wp-content\/uploads\/2025\/05\/IMG-20250522-WA0696.jpg');\r\n        }\r\n\r\n        .slide3 {\r\n            background-image: linear-gradient(rgba(0,0,0,0.4), rgba(0,0,0,0.4)), \r\n                              url('http:\/\/apancm.ovh\/wp-content\/uploads\/2025\/05\/IMG-20250522-WA0699.jpg');\r\n        }\r\n\r\n        .slide-content {\r\n            text-align: center;\r\n            color: white;\r\n            max-width: 800px;\r\n            padding: 0 20px;\r\n            animation: slideInUp 1s ease-out;\r\n        }\r\n\r\n        @keyframes slideInUp {\r\n            from {\r\n                opacity: 0;\r\n                transform: translateY(50px);\r\n            }\r\n            to {\r\n                opacity: 1;\r\n                transform: translateY(0);\r\n            }\r\n        }\r\n\r\n        .slide-title {\r\n            font-size: clamp(2.5rem, 5vw, 4.5rem);\r\n            font-weight: 700;\r\n            margin-bottom: 20px;\r\n            text-shadow: 2px 2px 4px rgba(0,0,0,0.7);\r\n            line-height: 1.2;\r\n        }\r\n\r\n        .slide-subtitle {\r\n            font-size: clamp(1.2rem, 2.5vw, 1.8rem);\r\n            font-weight: 300;\r\n            margin-bottom: 30px;\r\n            text-shadow: 1px 1px 2px rgba(0,0,0,0.7);\r\n            opacity: 0.95;\r\n        }\r\n\r\n        .slide-cta {\r\n            display: inline-block;\r\n            padding: 15px 35px;\r\n            background: linear-gradient(135deg, #E46C06, #ee5a24);\r\n            color: white;\r\n            text-decoration: none;\r\n            border-radius: 50px;\r\n            font-weight: 600;\r\n            font-size: 1.1rem;\r\n            transition: all 0.3s ease;\r\n            box-shadow: 0 8px 25px rgba(238, 90, 36, 0.3);\r\n            border: 2px solid transparent;\r\n            text-transform: uppercase;\r\n            letter-spacing: 1px;\r\n        }\r\n\r\n        .slide-cta:hover {\r\n            transform: translateY(-3px);\r\n            box-shadow: 0 12px 35px rgba(238, 90, 36, 0.4);\r\n            background: linear-gradient(135deg, #ee5a24, #ff6b6b);\r\n        }\r\n\r\n        .carousel-nav {\r\n            position: absolute;\r\n            bottom: 30px;\r\n            left: 50%;\r\n            transform: translateX(-50%);\r\n            display: flex;\r\n            gap: 15px;\r\n            z-index: 100;\r\n        }\r\n\r\n        .nav-dot {\r\n            width: 15px;\r\n            height: 15px;\r\n            border-radius: 50%;\r\n            background: rgba(255, 255, 255, 0.5);\r\n            cursor: pointer;\r\n            transition: all 0.3s ease;\r\n            border: 2px solid rgba(255, 255, 255, 0.8);\r\n        }\r\n\r\n        .nav-dot.active {\r\n            background: rgba(255, 255, 255, 0.9);\r\n            transform: scale(1.2);\r\n            box-shadow: 0 0 20px rgba(255, 255, 255, 0.5);\r\n        }\r\n\r\n        .carousel-arrows {\r\n            position: absolute;\r\n            top: 50%;\r\n            transform: translateY(-50%);\r\n            background: rgba(255, 255, 255, 0.2);\r\n            border: 2px solid rgba(255, 255, 255, 0.4);\r\n            color: white;\r\n            width: 60px;\r\n            height: 60px;\r\n            border-radius: 50%;\r\n            cursor: pointer;\r\n            display: flex;\r\n            align-items: center;\r\n            justify-content: center;\r\n            font-size: 1.5rem;\r\n            transition: all 0.3s ease;\r\n            backdrop-filter: blur(10px);\r\n            z-index: 100;\r\n        }\r\n\r\n        .carousel-arrows:hover {\r\n            background: rgba(255, 255, 255, 0.3);\r\n            border-color: rgba(255, 255, 255, 0.7);\r\n            transform: translateY(-50%) scale(1.1);\r\n        }\r\n\r\n        .arrow-left {\r\n            left: 30px;\r\n        }\r\n\r\n        .arrow-right {\r\n            right: 30px;\r\n        }\r\n\r\n        .progress-bar {\r\n            position: absolute;\r\n            bottom: 0;\r\n            left: 0;\r\n            height: 4px;\r\n            background: linear-gradient(90deg, #ff6b6b, #ee5a24);\r\n            transition: width 0.1s linear;\r\n            z-index: 100;\r\n        }\r\n\r\n        \/* Animations pour les diff\u00e9rents slides *\/\r\n        .slide.active .slide-content {\r\n            animation: slideInUp 1s ease-out;\r\n        }\r\n\r\n        .slide.active .slide-title {\r\n            animation: fadeInDown 1s ease-out 0.2s both;\r\n        }\r\n\r\n        .slide.active .slide-subtitle {\r\n            animation: fadeInDown 1s ease-out 0.4s both;\r\n        }\r\n\r\n        .slide.active .slide-cta {\r\n            animation: fadeInUp 1s ease-out 0.6s both;\r\n        }\r\n\r\n        @keyframes fadeInDown {\r\n            from {\r\n                opacity: 0;\r\n                transform: translateY(-30px);\r\n            }\r\n            to {\r\n                opacity: 1;\r\n                transform: translateY(0);\r\n            }\r\n        }\r\n\r\n        @keyframes fadeInUp {\r\n            from {\r\n                opacity: 0;\r\n                transform: translateY(30px);\r\n            }\r\n            to {\r\n                opacity: 1;\r\n                transform: translateY(0);\r\n            }\r\n        }\r\n\r\n        \/* Responsive *\/\r\n        @media (max-width: 768px) {\r\n            .carousel-arrows {\r\n                width: 50px;\r\n                height: 50px;\r\n                font-size: 1.2rem;\r\n            }\r\n            \r\n            .arrow-left {\r\n                left: 15px;\r\n            }\r\n            \r\n            .arrow-right {\r\n                right: 15px;\r\n            }\r\n            \r\n            .slide-cta {\r\n                padding: 12px 25px;\r\n                font-size: 1rem;\r\n            }\r\n        }\r\n\r\n        @media (max-width: 480px) {\r\n            .slide-content {\r\n                padding: 0 15px;\r\n            }\r\n            \r\n            .carousel-nav {\r\n                bottom: 20px;\r\n            }\r\n            \r\n            .nav-dot {\r\n                width: 12px;\r\n                height: 12px;\r\n            }\r\n        }\r\n    <\/style>\r\n<\/head>\r\n<body>\r\n    <div class=\"hero-carousel\">\r\n        <div class=\"carousel-container\">\r\n            <div class=\"carousel-slides\" id=\"carouselSlides\">\r\n                <!-- Slide 1 -->\r\n                <div class=\"slide slide1 active\">\r\n                    <div class=\"slide-content\">\r\n                        <p class=\"slide-subtitle\">Oeuvrons pour la Promotion de la nature<\/p>\r\n                        <a href=\"https:\/\/apancm.ovh\/index.php\/activites\/\" class=\"slide-cta\">D\u00e9couvrir nos activit\u00e9s<\/a>\r\n                    <\/div>\r\n                <\/div>\r\n                \r\n                <!-- Slide 2 -->\r\n                <div class=\"slide slide2\">\r\n                    <div class=\"slide-content\">\r\n                        <p class=\"slide-subtitle\">Luttons contre la pollution de notre environnement<\/p>\r\n                        <a href=\"https:\/\/apancm.ovh\/index.php\/devenir-benevole\/\" class=\"slide-cta\">Devenir B\u00e9n\u00e9vole<\/a>\r\n                    <\/div>\r\n                <\/div>\r\n                \r\n                <!-- Slide 3 -->\r\n                <div class=\"slide slide3\">\r\n                    <div class=\"slide-content\">\r\n                        <p class=\"slide-subtitle\">Rejoignez une \u00e9quipe passionn\u00e9e et dynamique<\/p>\r\n                        <a href=\"https:\/\/apancm.ovh\/index.php\/rejoindre-lequipe\/\" class=\"slide-cta\">Nous Rejoindre<\/a>\r\n                    <\/div>\r\n                <\/div>\r\n            <\/div>\r\n            \r\n            <!-- Navigation -->\r\n            <div class=\"carousel-nav\">\r\n                <div class=\"nav-dot active\" onclick=\"goToSlide(0)\"><\/div>\r\n                <div class=\"nav-dot\" onclick=\"goToSlide(1)\"><\/div>\r\n                <div class=\"nav-dot\" onclick=\"goToSlide(2)\"><\/div>\r\n            <\/div>\r\n            \r\n            <!-- Fl\u00e8ches -->\r\n            <button class=\"carousel-arrows arrow-left\" onclick=\"prevSlide()\">\u276e<\/button>\r\n            <button class=\"carousel-arrows arrow-right\" onclick=\"nextSlide()\">\u276f<\/button>\r\n            \r\n            <!-- Barre de progression -->\r\n            <div class=\"progress-bar\" id=\"progressBar\"><\/div>\r\n        <\/div>\r\n    <\/div>\r\n\r\n    <script>\r\n        let currentSlide = 0;\r\n        const totalSlides = 3;\r\n        let autoSlideInterval;\r\n        let slideCount = 0;\r\n        let progressInterval;\r\n\r\n        function updateCarousel() {\r\n            const slides = document.getElementById('carouselSlides');\r\n            const dots = document.querySelectorAll('.nav-dot');\r\n            const allSlides = document.querySelectorAll('.slide');\r\n            \r\n            \/\/ D\u00e9placer le carrousel\r\n            slides.style.transform = `translateX(-${currentSlide * (100 \/ totalSlides)}%)`;\r\n            \r\n            \/\/ Mettre \u00e0 jour les indicateurs\r\n            dots.forEach((dot, index) => {\r\n                dot.classList.toggle('active', index === currentSlide);\r\n            });\r\n            \r\n            \/\/ Mettre \u00e0 jour les classes active pour les animations\r\n            allSlides.forEach((slide, index) => {\r\n                slide.classList.toggle('active', index === currentSlide);\r\n            });\r\n        }\r\n\r\n        function nextSlide() {\r\n            currentSlide = (currentSlide + 1) % totalSlides;\r\n            updateCarousel();\r\n        }\r\n\r\n        function prevSlide() {\r\n            currentSlide = (currentSlide - 1 + totalSlides) % totalSlides;\r\n            updateCarousel();\r\n        }\r\n\r\n        function goToSlide(index) {\r\n            currentSlide = index;\r\n            updateCarousel();\r\n            resetAutoSlide();\r\n        }\r\n\r\n        function updateProgressBar() {\r\n            const progressBar = document.getElementById('progressBar');\r\n            const duration = 5000; \/\/ 5 secondes par slide\r\n            let progress = 0;\r\n            \r\n            clearInterval(progressInterval);\r\n            progressInterval = setInterval(() => {\r\n                progress += 100 \/ (duration \/ 100);\r\n                progressBar.style.width = progress + '%';\r\n                \r\n                if (progress >= 100) {\r\n                    clearInterval(progressInterval);\r\n                    progressBar.style.width = '0%';\r\n                }\r\n            }, 100);\r\n        }\r\n\r\n        function startAutoSlide() {\r\n            updateProgressBar();\r\n            autoSlideInterval = setInterval(() => {\r\n                if (slideCount < 3) {\r\n                    nextSlide();\r\n                    slideCount++;\r\n                    if (slideCount < 3) {\r\n                        updateProgressBar();\r\n                    }\r\n                } else {\r\n                    clearInterval(autoSlideInterval);\r\n                    clearInterval(progressInterval);\r\n                }\r\n            }, 5000);\r\n        }\r\n\r\n        function resetAutoSlide() {\r\n            clearInterval(autoSlideInterval);\r\n            clearInterval(progressInterval);\r\n            slideCount = 0;\r\n            document.getElementById('progressBar').style.width = '0%';\r\n            setTimeout(() => {\r\n                if (slideCount === 0) {\r\n                    startAutoSlide();\r\n                }\r\n            }, 2000);\r\n        }\r\n\r\n        \/\/ Initialisation\r\n        document.addEventListener('DOMContentLoaded', () => {\r\n            updateCarousel();\r\n            startAutoSlide();\r\n        });\r\n\r\n        \/\/ Pause sur hover\r\n        const carousel = document.querySelector('.hero-carousel');\r\n        carousel.addEventListener('mouseenter', () => {\r\n            clearInterval(autoSlideInterval);\r\n            clearInterval(progressInterval);\r\n        });\r\n        \r\n        carousel.addEventListener('mouseleave', resetAutoSlide);\r\n\r\n        \/\/ Navigation clavier\r\n        document.addEventListener('keydown', (e) => {\r\n            if (e.key === 'ArrowLeft') prevSlide();\r\n            if (e.key === 'ArrowRight') nextSlide();\r\n        });\r\n    <\/script>\r\n<\/body>\r\n<\/html>\t\t\t\t<\/div>\n\t\t\t\t<\/div>\n\t\t\t\t\t<\/div>\n\t\t\t\t<\/div>\n\t\t<div class=\"elementor-element elementor-element-c1c714d e-flex e-con-boxed e-con e-parent\" data-id=\"c1c714d\" data-element_type=\"container\">\n\t\t\t\t\t<div class=\"e-con-inner\">\n\t\t<div class=\"elementor-element elementor-element-8949eb7 e-con-full e-flex e-con e-child\" data-id=\"8949eb7\" data-element_type=\"container\">\n\t\t\t\t<div class=\"elementor-element elementor-element-4205284 elementor-widget elementor-widget-text-editor\" data-id=\"4205284\" data-element_type=\"widget\" data-widget_type=\"text-editor.default\">\n\t\t\t\t<div class=\"elementor-widget-container\">\n\t\t\t\t\t\t\t\t\t<p>Cr\u00e9\u00e9e en 2006 \u00e0 Douala Cameroun, l\u2019Association pour la Promotion de l\u2019Artisanat et de la Nature encore appel\u00e9e APAN, a pour but principal d\u2019encourager la promotion de l\u2019artisanat et la valorisation de la nature en renfor\u00e7ant la solidarit\u00e9 entre femmes et hommes pour une protection et une utilisation optimale des ressources de l\u2019environnement imm\u00e9diat, en d\u00e9veloppant chez les jeunes l\u2019esprit&#8230;..<a href=\"https:\/\/apancm.ovh\/index.php\/a-propos\/\">En savoir plus<\/a><\/p>\t\t\t\t\t\t\t\t<\/div>\n\t\t\t\t<\/div>\n\t\t\t\t<\/div>\n\t\t<div class=\"elementor-element elementor-element-4224f61 e-con-full e-flex e-con e-child\" data-id=\"4224f61\" data-element_type=\"container\">\n\t\t\t\t<div class=\"elementor-element elementor-element-723c41b elementor-widget elementor-widget-image\" data-id=\"723c41b\" data-element_type=\"widget\" data-widget_type=\"image.default\">\n\t\t\t\t<div class=\"elementor-widget-container\">\n\t\t\t\t\t\t\t\t\t\t\t\t\t\t\t<img fetchpriority=\"high\" decoding=\"async\" width=\"1024\" height=\"767\" src=\"https:\/\/apancm.org\/wp-content\/uploads\/2025\/05\/IMG-20250522-WA0688-1024x767.jpg\" class=\"attachment-large size-large wp-image-245\" alt=\"\" srcset=\"https:\/\/apancm.org\/wp-content\/uploads\/2025\/05\/IMG-20250522-WA0688-1024x767.jpg 1024w, https:\/\/apancm.org\/wp-content\/uploads\/2025\/05\/IMG-20250522-WA0688-300x225.jpg 300w, https:\/\/apancm.org\/wp-content\/uploads\/2025\/05\/IMG-20250522-WA0688-768x575.jpg 768w, https:\/\/apancm.org\/wp-content\/uploads\/2025\/05\/IMG-20250522-WA0688.jpg 1080w\" sizes=\"(max-width: 1024px) 100vw, 1024px\" \/>\t\t\t\t\t\t\t\t\t\t\t\t\t\t\t<\/div>\n\t\t\t\t<\/div>\n\t\t\t\t<\/div>\n\t\t\t\t\t<\/div>\n\t\t\t\t<\/div>\n\t\t<div class=\"elementor-element elementor-element-5a128ac e-flex e-con-boxed e-con e-parent\" data-id=\"5a128ac\" data-element_type=\"container\">\n\t\t\t\t\t<div class=\"e-con-inner\">\n\t\t\t\t<div class=\"elementor-element elementor-element-be40ae8 elementor-widget elementor-widget-heading\" data-id=\"be40ae8\" data-element_type=\"widget\" data-widget_type=\"heading.default\">\n\t\t\t\t<div class=\"elementor-widget-container\">\n\t\t\t\t\t<h4 class=\"elementor-heading-title elementor-size-default\"><h4 data-elementor-setting-key=\"title\" data-pen-placeholder=\"\u00c9crivez ici...\" style=\"background-color: rgb(255, 255, 255); font-weight: 600; font-family: Roboto, sans-serif;\"><span style=\"color: rgb(228, 108, 6);\">Notre mission<\/span><span style=\"color: rgb(228, 108, 6);\"><\/span><\/h4><\/h4>\t\t\t\t<\/div>\n\t\t\t\t<\/div>\n\t\t\t\t\t<\/div>\n\t\t\t\t<\/div>\n\t\t<div class=\"elementor-element elementor-element-4487cc2 e-flex e-con-boxed e-con e-parent\" data-id=\"4487cc2\" data-element_type=\"container\">\n\t\t\t\t\t<div class=\"e-con-inner\">\n\t\t<div class=\"elementor-element elementor-element-10ff20b e-con-full e-flex e-con e-child\" data-id=\"10ff20b\" data-element_type=\"container\">\n\t\t\t\t<div class=\"elementor-element elementor-element-3e9a1ee elementor-widget elementor-widget-image\" data-id=\"3e9a1ee\" data-element_type=\"widget\" data-widget_type=\"image.default\">\n\t\t\t\t<div class=\"elementor-widget-container\">\n\t\t\t\t\t\t\t\t\t\t\t\t\t\t\t<img decoding=\"async\" width=\"1024\" height=\"732\" src=\"https:\/\/apancm.org\/wp-content\/uploads\/2025\/05\/Formation-1024x732.png\" class=\"attachment-large size-large wp-image-323\" alt=\"\" srcset=\"https:\/\/apancm.org\/wp-content\/uploads\/2025\/05\/Formation-1024x732.png 1024w, https:\/\/apancm.org\/wp-content\/uploads\/2025\/05\/Formation-300x214.png 300w, https:\/\/apancm.org\/wp-content\/uploads\/2025\/05\/Formation-768x549.png 768w, https:\/\/apancm.org\/wp-content\/uploads\/2025\/05\/Formation-1536x1097.png 1536w, https:\/\/apancm.org\/wp-content\/uploads\/2025\/05\/Formation-2048x1463.png 2048w\" sizes=\"(max-width: 1024px) 100vw, 1024px\" \/>\t\t\t\t\t\t\t\t\t\t\t\t\t\t\t<\/div>\n\t\t\t\t<\/div>\n\t\t\t\t<\/div>\n\t\t<div class=\"elementor-element elementor-element-98f2b99 e-con-full e-flex e-con e-child\" data-id=\"98f2b99\" data-element_type=\"container\">\n\t\t\t\t<div class=\"elementor-element elementor-element-c98e09d elementor-widget elementor-widget-text-editor\" data-id=\"c98e09d\" data-element_type=\"widget\" data-widget_type=\"text-editor.default\">\n\t\t\t\t<div class=\"elementor-widget-container\">\n\t\t\t\t\t\t\t\t\t<p><span>Notre but est et reste d\u2019encourager la promotion de l\u2019artisanat et la valorisation de la Nature.<\/span><\/p>\n<p>Pour atteindre ce but, nous nous sommes fix\u00e9s les objectifs suivants :<\/p>\n<p><span>-Renforcer la solidarit\u00e9 entre les femmes et les hommes pour permettre une <\/span><span>utilisation et une exploitation optimale des ressources de la nature.<\/span><\/p>\n<p><span>&#8211; Encourager et d\u00e9velopper chez les jeunes sans emploi l\u2019esprit d\u2019initiative <\/span><span>et de cr\u00e9ativit\u00e9 ax\u00e9 sur la valorisation des produits naturels<\/span><\/p>\n<p><span>&#8211; Promouvoir l\u2019artisanat et l\u2019art appliqu\u00e9s \u00e0 la nature<\/span><\/p>\n<p><span>&#8211; Accompagner la promotion des femmes artisanes<\/span><\/p>\n<p><span>&#8211; Sensibiliser et accompagner la pr\u00e9vention sanitaire des femmes artisans<\/span><\/p>\n<p><span>&#8211; Sensibiliser les artisans pour l\u2019\u00e9tablissement d\u2019une synergie entre <\/span><span>l\u2019environnement et le d\u00e9veloppement des conditions de vie des <\/span><span>populations locales.<\/span> <\/p>\t\t\t\t\t\t\t\t<\/div>\n\t\t\t\t<\/div>\n\t\t\t\t<\/div>\n\t\t\t\t\t<\/div>\n\t\t\t\t<\/div>\n\t\t<div class=\"elementor-element elementor-element-20162bf e-flex e-con-boxed e-con e-parent\" data-id=\"20162bf\" data-element_type=\"container\">\n\t\t\t\t\t<div class=\"e-con-inner\">\n\t\t\t\t<div class=\"elementor-element elementor-element-d89f252 elementor-widget elementor-widget-video\" data-id=\"d89f252\" data-element_type=\"widget\" data-settings=\"{&quot;youtube_url&quot;:&quot;https:\\\/\\\/youtu.be\\\/6RTmyNhHmGk&quot;,&quot;video_type&quot;:&quot;youtube&quot;,&quot;controls&quot;:&quot;yes&quot;}\" data-widget_type=\"video.default\">\n\t\t\t\t<div class=\"elementor-widget-container\">\n\t\t\t\t\t\t\t<div class=\"elementor-wrapper elementor-open-inline\">\n\t\t\t<div class=\"elementor-video\"><\/div>\t\t<\/div>\n\t\t\t\t\t\t<\/div>\n\t\t\t\t<\/div>\n\t\t\t\t\t<\/div>\n\t\t\t\t<\/div>\n\t\t\t\t<\/div>\n\t\t","protected":false},"excerpt":{"rendered":"<p>Carrousel Hero Oeuvrons pour la Promotion de la nature D\u00e9couvrir nos activit\u00e9s Luttons contre la pollution de notre environnement Devenir B\u00e9n\u00e9vole Rejoignez une \u00e9quipe passionn\u00e9e et dynamique Nous Rejoindre \u276e \u276f Cr\u00e9\u00e9e en 2006 \u00e0 Douala Cameroun, l\u2019Association pour la Promotion de l\u2019Artisanat et de la Nature encore appel\u00e9e APAN, a pour but principal d\u2019encourager [&hellip;]<\/p>\n","protected":false},"author":1,"featured_media":0,"parent":0,"menu_order":0,"comment_status":"closed","ping_status":"closed","template":"elementor_header_footer","meta":{"footnotes":""},"class_list":["post-14","page","type-page","status-publish","hentry"],"_links":{"self":[{"href":"https:\/\/apancm.org\/index.php\/wp-json\/wp\/v2\/pages\/14","targetHints":{"allow":["GET"]}}],"collection":[{"href":"https:\/\/apancm.org\/index.php\/wp-json\/wp\/v2\/pages"}],"about":[{"href":"https:\/\/apancm.org\/index.php\/wp-json\/wp\/v2\/types\/page"}],"author":[{"embeddable":true,"href":"https:\/\/apancm.org\/index.php\/wp-json\/wp\/v2\/users\/1"}],"replies":[{"embeddable":true,"href":"https:\/\/apancm.org\/index.php\/wp-json\/wp\/v2\/comments?post=14"}],"version-history":[{"count":5,"href":"https:\/\/apancm.org\/index.php\/wp-json\/wp\/v2\/pages\/14\/revisions"}],"predecessor-version":[{"id":410,"href":"https:\/\/apancm.org\/index.php\/wp-json\/wp\/v2\/pages\/14\/revisions\/410"}],"wp:attachment":[{"href":"https:\/\/apancm.org\/index.php\/wp-json\/wp\/v2\/media?parent=14"}],"curies":[{"name":"wp","href":"https:\/\/api.w.org\/{rel}","templated":true}]}}